{"id":613,"date":"2014-01-20T17:49:24","date_gmt":"2014-01-20T16:49:24","guid":{"rendered":"http:\/\/www.sassetaalta.it\/?page_id=613"},"modified":"2022-07-15T18:18:09","modified_gmt":"2022-07-15T16:18:09","slug":"espace-cours","status":"publish","type":"page","link":"http:\/\/www.sassetaalta.it\/fr\/sasseta-alta-le-plaisir-de-se-sentir-bien-dans-sa-peau\/espace-cours\/","title":{"rendered":"Espace cours"},"content":{"rendered":"<style id=\"bwg-style-0\">  #bwg_container1_0 {    display: table;\t\/*visibility: hidden;*\/  }  #bwg_container1_0 * {\t  -moz-user-select: none;\t  -khtml-user-select: none;\t  -webkit-user-select: none;\t  -ms-user-select: none;\t  user-select: none;  }  #bwg_container1_0 #bwg_container2_0 .bwg_slideshow_image_wrap_0 {\t  background-color: #F2F2F2;\t  width: 1200px;\t  height: 800px;  }  #bwg_container1_0 #bwg_container2_0 .bwg_slideshow_image_0 {\t  max-width: 1200px;\t  max-height: 710px;  }  #bwg_container1_0 #bwg_container2_0 .bwg_slideshow_embed_0 {    width: 1200px;    height: 710px;  }  #bwg_container1_0 #bwg_container2_0 #bwg_slideshow_play_pause_0 {\t  background: transparent url(\"http:\/\/www.sassetaalta.it\/wp-content\/plugins\/photo-gallery\/images\/blank.gif\") repeat scroll 0 0;  }  #bwg_container1_0 #bwg_container2_0 #bwg_slideshow_play_pause-ico_0 {    color: #D6D6D6;    font-size: 35px;  }  #bwg_container1_0 #bwg_container2_0 #bwg_slideshow_play_pause-ico_0:hover {\t  color: #BABABA;  }  #bwg_container1_0 #bwg_container2_0 #spider_slideshow_left_0,  #bwg_container1_0 #bwg_container2_0 #spider_slideshow_right_0 {\t  background: transparent url(\"http:\/\/www.sassetaalta.it\/wp-content\/plugins\/photo-gallery\/images\/blank.gif\") repeat scroll 0 0;  }  #bwg_container1_0 #bwg_container2_0 #spider_slideshow_left-ico_0,  #bwg_container1_0 #bwg_container2_0 #spider_slideshow_right-ico_0 {\t  background-color: #FFFFFF;\t  border-radius: 20px;\t  border: 0px none #FFFFFF;\t  box-shadow: ;\t  color: #D6D6D6;\t  height: 37px;\t  font-size: 12px;\t  width: 37px;\t  opacity: 1.00;  }  #bwg_container1_0 #bwg_container2_0 #spider_slideshow_left-ico_0:hover,  #bwg_container1_0 #bwg_container2_0 #spider_slideshow_right-ico_0:hover {\t  color: #BABABA;  }      #spider_slideshow_left-ico_0{      left: 20px;    }    #spider_slideshow_right-ico_0{      left: auto;      right: 20px;    }      #bwg_container1_0 #bwg_container2_0 .bwg_slideshow_image_container_0 {\t  bottom: 90px;\t  width: 1200px;\t  height: 800px;\t}\t#bwg_container1_0 #bwg_container2_0 .bwg_slideshow_filmstrip_container_0 {\t  display: table;\t  height: 90px;\t  width: 1200px;\t  bottom: 0;  }  \/* Filmstrip dimension *\/  #bwg_container1_0 #bwg_container2_0 .bwg_slideshow_filmstrip_0 {\t  left: 20px;\t  width: 1160px;\t  \/*z-index: 10106;*\/  }  #bwg_container1_0 #bwg_container2_0 .bwg_slideshow_filmstrip_thumbnails_0 {    left: 0px;    width: 654px;    height: 90px;  }  #bwg_container1_0 #bwg_container2_0 .bwg_slideshow_filmstrip_thumbnail_0 {    width: 216px;    height: 90px;    margin: 0px 2px 0 0 ;    border: 0px none #000000;    border-radius: 0;  }  #bwg_container1_0 #bwg_container2_0 .bwg_slideshow_thumb_active_0 {\t  border: 0px solid #FFFFFF;  }  #bwg_container1_0 #bwg_container2_0 .bwg_slideshow_thumb_deactive_0 {    opacity: 1.00;  }  #bwg_container1_0 #bwg_container2_0 .bwg_slideshow_filmstrip_left_0,  #bwg_container1_0 #bwg_container2_0 .bwg_slideshow_filmstrip_left_disabled_0 {\t  background-color: #F2F2F2;\t  display: table-cell;\t  width: 20px;\t  left: 0;\t  \t    }  #bwg_container1_0 #bwg_container2_0 .bwg_slideshow_filmstrip_right_0,  #bwg_container1_0 #bwg_container2_0 .bwg_slideshow_filmstrip_right_disabled_0 {\t  background-color: #F2F2F2;    display: table-cell;    right: 0;\t  width: 20px;\t  \t    }  #bwg_container1_0 #bwg_container2_0 .bwg_slideshow_filmstrip_left_0 i,  #bwg_container1_0 #bwg_container2_0 .bwg_slideshow_filmstrip_right_0 i,  #bwg_container1_0 #bwg_container2_0 .bwg_slideshow_filmstrip_left_disabled_0 i,  #bwg_container1_0 #bwg_container2_0 .bwg_slideshow_filmstrip_right_disabled_0 i {\t  color: #BABABA;\t  font-size: 20px;  }  #bwg_container1_0 #bwg_container2_0 .bwg_slideshow_filmstrip_left_0 {    display: none;  }  #bwg_container1_0 #bwg_container2_0 .bwg_slideshow_filmstrip_left_disabled_0,  #bwg_container1_0 #bwg_container2_0 .bwg_slideshow_filmstrip_right_disabled_0 {    display: none;    opacity: 0.3;  }  #bwg_container1_0 #bwg_container2_0 .bwg_slideshow_filmstrip_left_disabled_0 {    display: table-cell;  }  #bwg_container1_0 #bwg_container2_0 .bwg_slideshow_watermark_spun_0 {\t  text-align: left;\t  vertical-align: bottom;  }  #bwg_container1_0 #bwg_container2_0 .bwg_slideshow_title_spun_0 {\t  text-align: right;\t  vertical-align: top;  }  #bwg_container1_0 #bwg_container2_0 .bwg_slideshow_description_spun_0 {\t  text-align: right;\t  vertical-align: bottom;  }  #bwg_container1_0 #bwg_container2_0 .bwg_slideshow_watermark_image_0 {\t  max-height: 90px;\t  max-width: 90px;\t  opacity: 0.30;  }  #bwg_container1_0 #bwg_container2_0 .bwg_slideshow_watermark_text_0,  #bwg_container1_0 #bwg_container2_0 .bwg_slideshow_watermark_text_0:hover {\t  text-decoration: none;\t  margin: 4px;\t  position: relative;\t  z-index: 15;  }  #bwg_container1_0 #bwg_container2_0 .bwg_slideshow_title_text_0 {\t  font-size: 16px;\t  font-family: Ubuntu;\t  color: #FFFFFF !important;\t  opacity: 0.70;    border-radius: 5px;\t  background-color: #000000;\t  padding: 0 0 0 0;\t  \t\tmargin: 5px;\t  \t    }  #bwg_container1_0 #bwg_container2_0 .bwg_slideshow_description_text_0 {\t  font-size: 14px;\t  font-family: Ubuntu;\t  color: #FFFFFF !important;\t  opacity: 0.70;    border-radius: 0;\t  background-color: #000000;\t  padding: 5px 10px 5px 10px;\t    }  #bwg_container1_0 #bwg_container2_0 .bwg_slideshow_description_text_0 * {\ttext-decoration: none;\tcolor: #FFFFFF !important;  }  #bwg_container1_0 #bwg_container2_0 .bwg_slideshow_dots_0 {\t  width: 12px;\t  height: 12px;\t  border-radius: 5px;\t  background: #F2D22E;\t  margin: 3px;  }  #bwg_container1_0 #bwg_container2_0 .bwg_slideshow_dots_container_0 {\t  width: 1200px;\t  bottom: 0;  }  #bwg_container1_0 #bwg_container2_0 .bwg_slideshow_dots_thumbnails_0 {\t  height: 18px;\t  width: 54px;  }  #bwg_container1_0 #bwg_container2_0 .bwg_slideshow_dots_active_0 {\t  background: #FFFFFF;\t  border: 1px solid #000000;  }  <\/style>    <div id=\"bwg_container1_0\"         class=\"bwg_container bwg_thumbnail bwg_slideshow \"         data-right-click-protection=\"0\"         data-bwg=\"0\"         data-scroll=\"0\"         data-gallery-type=\"slideshow\"         data-gallery-view-type=\"slideshow\"         data-current-url=\"\/fr\/wp-json\/wp\/v2\/pages\/613\/\"         data-lightbox-url=\"http:\/\/www.sassetaalta.it\/wp-admin\/admin-ajax.php?action=GalleryBox&#038;current_view=0&#038;gallery_id=20&#038;tag=0&#038;theme_id=1&#038;shortcode_id=61&#038;sort_by=order&#038;order_by=asc&#038;current_url=%2Ffr%2Fwp-json%2Fwp%2Fv2%2Fpages%2F613%2F\"         data-gallery-id=\"20\"         data-popup-width=\"800\"         data-popup-height=\"500\"         data-is-album=\"gallery\"         data-buttons-position=\"bottom\">      <div id=\"bwg_container2_0\">             <div id=\"ajax_loading_0\" class=\"bwg_loading_div_1\">      <div class=\"bwg_loading_div_2\">        <div class=\"bwg_loading_div_3\">          <div id=\"loading_div_0\" class=\"bwg_spider_ajax_loading\">          <\/div>        <\/div>      <\/div>    <\/div>            <form id=\"gal_front_form_0\"              class=\"bwg-hidden\"              method=\"post\"              action=\"#\"              data-current=\"0\"              data-shortcode-id=\"61\"              data-gallery-type=\"slideshow\"              data-gallery-id=\"20\"              data-tag=\"0\"              data-album-id=\"0\"              data-theme-id=\"1\"              data-ajax-url=\"http:\/\/www.sassetaalta.it\/wp-admin\/admin-ajax.php?action=bwg_frontend_data\">          <div id=\"bwg_container3_0\" class=\"bwg-background bwg-background-0\">              <div class=\"bwg_slideshow_image_wrap_0 bwg-slideshow-images-wrapper bwg-container\"       data-bwg=\"0\"       data-lightbox-url=\"http:\/\/www.sassetaalta.it\/wp-admin\/admin-ajax.php?action=GalleryBox&#038;current_view=0&#038;gallery_id=20&#038;tag=0&#038;theme_id=1&#038;shortcode_id=61&#038;sort_by=order&#038;order_by=asc&#038;current_url=%2Ffr%2Fwp-json%2Fwp%2Fv2%2Fpages%2F613%2F\">          <div class=\"bwg_slideshow_filmstrip_container_0\">        <div class=\"bwg_slideshow_filmstrip_left_0\">          <i class=\"bwg-icon-angle-left\"><\/i>        <\/div>        <div class=\"bwg_slideshow_filmstrip_left_disabled_0\">          <i class=\"bwg-icon-angle-left\"><\/i>        <\/div>        <div class=\"bwg_slideshow_filmstrip_0 bwg_slideshow_filmstrip\">          <div class=\"bwg_slideshow_filmstrip_thumbnails_0\">                          <div id=\"bwg_filmstrip_thumbnail_0_0\"                class=\"bwg_slideshow_filmstrip_thumbnail_0 bwg_slideshow_thumb_active_0\"                data-style=\"width:216px; height:90px;\">                <img decoding=\"async\" class=\"bwg_filmstrip_thumbnail_img bwg_slideshow_filmstrip_thumbnail_img_0\"                  style=\"width:216px; height:121.392px; margin-left: 0px; margin-top: -15.696px;\"                  data-style=\"width:216px; height:121.392px; margin-left: 0px; margin-top: -15.696px;\"                  src=\"http:\/\/www.sassetaalta.it\/wp-content\/uploads\/photo-gallery\/thumb\/palestra_01.jpg?bwg=1657901620\"                  data-src=\"http:\/\/www.sassetaalta.it\/wp-content\/uploads\/photo-gallery\/thumb\/palestra_01.jpg?bwg=1657901620\"                  onclick=\"bwg_change_image(parseInt(jQuery('#bwg_current_image_key_0').val()), '0', '', '', '0')\"                  image_id=\"84\"                  image_key=\"0\"                  alt=\"palestra 01\"                  title=\"palestra 01\" \/>              <\/div>                            <div id=\"bwg_filmstrip_thumbnail_1_0\"                class=\"bwg_slideshow_filmstrip_thumbnail_0 bwg_slideshow_thumb_deactive_0\"                data-style=\"width:216px; height:90px;\">                <img decoding=\"async\" class=\"bwg_filmstrip_thumbnail_img bwg_slideshow_filmstrip_thumbnail_img_0\"                  style=\"width:216px; height:144.288px; margin-left: 0px; margin-top: -27.144px;\"                  data-style=\"width:216px; height:144.288px; margin-left: 0px; margin-top: -27.144px;\"                  src=\"http:\/\/www.sassetaalta.it\/wp-content\/uploads\/photo-gallery\/thumb\/0004-_AMA4921-SASSETA.jpg?bwg=1657901620\"                  data-src=\"http:\/\/www.sassetaalta.it\/wp-content\/uploads\/photo-gallery\/thumb\/0004-_AMA4921-SASSETA.jpg?bwg=1657901620\"                  onclick=\"bwg_change_image(parseInt(jQuery('#bwg_current_image_key_0').val()), '1', '', '', '0')\"                  image_id=\"85\"                  image_key=\"1\"                  alt=\"0004- AMA4921-SASSETA\"                  title=\"0004- AMA4921-SASSETA\" \/>              <\/div>                            <div id=\"bwg_filmstrip_thumbnail_2_0\"                class=\"bwg_slideshow_filmstrip_thumbnail_0 bwg_slideshow_thumb_deactive_0\"                data-style=\"width:216px; height:90px;\">                <img decoding=\"async\" class=\"bwg_filmstrip_thumbnail_img bwg_slideshow_filmstrip_thumbnail_img_0\"                  style=\"width:216px; height:144.288px; margin-left: 0px; margin-top: -27.144px;\"                  data-style=\"width:216px; height:144.288px; margin-left: 0px; margin-top: -27.144px;\"                  src=\"http:\/\/www.sassetaalta.it\/wp-content\/uploads\/photo-gallery\/thumb\/0111-_AMA6380-piscina.jpg?bwg=1657901620\"                  data-src=\"http:\/\/www.sassetaalta.it\/wp-content\/uploads\/photo-gallery\/thumb\/0111-_AMA6380-piscina.jpg?bwg=1657901620\"                  onclick=\"bwg_change_image(parseInt(jQuery('#bwg_current_image_key_0').val()), '2', '', '', '0')\"                  image_id=\"87\"                  image_key=\"2\"                  alt=\"0111- AMA6380-piscina\"                  title=\"0111- AMA6380-piscina\" \/>              <\/div>                        <\/div>        <\/div>        <div class=\"bwg_slideshow_filmstrip_right_0\">          <i class=\"bwg-icon-angle-right\"><\/i>        <\/div>        <div class=\"bwg_slideshow_filmstrip_right_disabled_0\">          <i class=\"bwg-icon-angle-right\"><\/i>        <\/div>      <\/div>          <div id=\"bwg_slideshow_image_container_0\"         class=\"bwg_slideshow_image_container_0\"         data-params='{&quot;bwg_source&quot;:&quot;slider&quot;,&quot;bwg_current_key&quot;:&quot;&quot;,&quot;bwg_transition_duration&quot;:500,&quot;bwg_trans_in_progress&quot;:false,&quot;data&quot;:[{&quot;id&quot;:&quot;84&quot;,&quot;alt&quot;:&quot;palestra 01&quot;,&quot;description&quot;:&quot;Author: Andrea Bastogi&amp;lt;br \\\/&amp;gt;Camera: Canon EOS 5D Mark III&amp;lt;br \\\/&amp;gt;Iso: 100&amp;lt;br \\\/&amp;gt;Copyright: FOTOMOBILE&amp;lt;br \\\/&amp;gt;Orientation: 1&amp;lt;br \\\/&amp;gt;&quot;,&quot;filetype&quot;:&quot;JPG&quot;,&quot;filename&quot;:&quot;palestra_01&quot;,&quot;image_url&quot;:&quot;\\\/palestra_01.jpg?bwg=1657901620&quot;,&quot;thumb_url&quot;:&quot;\\\/thumb\\\/palestra_01.jpg?bwg=1657901620&quot;,&quot;redirect_url&quot;:&quot;&quot;,&quot;date&quot;:&quot;2022-07-15 16:13:01&quot;,&quot;is_embed&quot;:false,&quot;is_embed_video&quot;:false,&quot;image_width&quot;:&quot;1200&quot;,&quot;image_height&quot;:&quot;675&quot;,&quot;thumb_width&quot;:&quot;500&quot;,&quot;thumb_height&quot;:&quot;281&quot;},{&quot;id&quot;:&quot;85&quot;,&quot;alt&quot;:&quot;0004- AMA4921-SASSETA&quot;,&quot;description&quot;:&quot;Author: Amaranta Biancheri Mantovani:-)&amp;lt;br \\\/&amp;gt;Aperture: 6&amp;lt;br \\\/&amp;gt;Camera: NIKON D750&amp;lt;br \\\/&amp;gt;Iso: 400&amp;lt;br \\\/&amp;gt;Copyright: ABM:-)&amp;lt;br \\\/&amp;gt;&quot;,&quot;filetype&quot;:&quot;JPG&quot;,&quot;filename&quot;:&quot;0004-_AMA4921-SASSETA&quot;,&quot;image_url&quot;:&quot;\\\/0004-_AMA4921-SASSETA.jpg?bwg=1657901620&quot;,&quot;thumb_url&quot;:&quot;\\\/thumb\\\/0004-_AMA4921-SASSETA.jpg?bwg=1657901620&quot;,&quot;redirect_url&quot;:&quot;&quot;,&quot;date&quot;:&quot;2022-07-15 16:13:10&quot;,&quot;is_embed&quot;:false,&quot;is_embed_video&quot;:false,&quot;image_width&quot;:&quot;1200&quot;,&quot;image_height&quot;:&quot;801&quot;,&quot;thumb_width&quot;:&quot;500&quot;,&quot;thumb_height&quot;:&quot;334&quot;},{&quot;id&quot;:&quot;87&quot;,&quot;alt&quot;:&quot;0111- AMA6380-piscina&quot;,&quot;description&quot;:&quot;Author: Amaranta Biancheri Mantovani:-)&amp;lt;br \\\/&amp;gt;Aperture: 3&amp;lt;br \\\/&amp;gt;Camera: NIKON D750&amp;lt;br \\\/&amp;gt;Iso: 400&amp;lt;br \\\/&amp;gt;Copyright: ABM:-)&amp;lt;br \\\/&amp;gt;&quot;,&quot;filetype&quot;:&quot;JPG&quot;,&quot;filename&quot;:&quot;0111-_AMA6380-piscina&quot;,&quot;image_url&quot;:&quot;\\\/0111-_AMA6380-piscina.jpg?bwg=1657901620&quot;,&quot;thumb_url&quot;:&quot;\\\/thumb\\\/0111-_AMA6380-piscina.jpg?bwg=1657901620&quot;,&quot;redirect_url&quot;:&quot;&quot;,&quot;date&quot;:&quot;2022-07-15 16:13:19&quot;,&quot;is_embed&quot;:false,&quot;is_embed_video&quot;:false,&quot;image_width&quot;:&quot;1200&quot;,&quot;image_height&quot;:&quot;801&quot;,&quot;thumb_width&quot;:&quot;500&quot;,&quot;thumb_height&quot;:&quot;334&quot;}],&quot;width_or_height&quot;:&quot;width&quot;,&quot;filmstrip_thumb_margin_hor&quot;:2,&quot;left_or_top&quot;:&quot;left&quot;,&quot;outerWidth_or_outerHeight&quot;:&quot;outerWidth&quot;,&quot;enable_slideshow_shuffle&quot;:&quot;0&quot;,&quot;lightbox_filmstrip_thumb_border_width&quot;:&quot;1&quot;,&quot;thumb_click_action&quot;:&quot;open_lightbox&quot;,&quot;thumb_link_target&quot;:&quot;1&quot;,&quot;upload_url&quot;:&quot;http:\\\/\\\/www.sassetaalta.it\\\/wp-content\\\/uploads\\\/photo-gallery&quot;,&quot;preload_images&quot;:&quot;0&quot;,&quot;slideshow_effect&quot;:&quot;fade&quot;,&quot;event_stack&quot;:&quot;&quot;,&quot;preload_images_count&quot;:10,&quot;image_width&quot;:&quot;1200&quot;,&quot;image_height&quot;:&quot;800&quot;,&quot;thumb_width&quot;:&quot;600&quot;,&quot;thumb_height&quot;:&quot;250&quot;,&quot;filmstrip_direction&quot;:&quot;horizontal&quot;,&quot;slideshow_filmstrip_type&quot;:1,&quot;slideshow_thumbnails_count&quot;:5,&quot;slideshow_filmstrip_width&quot;:216,&quot;slideshow_filmstrip_height&quot;:&quot;90&quot;,&quot;slideshow_filmstrip_rl_btn_size&quot;:&quot;20&quot;,&quot;slideshow_play_pause_btn_size&quot;:&quot;35&quot;,&quot;watermark_type&quot;:&quot;90&quot;,&quot;watermark_height&quot;:&quot;90&quot;,&quot;watermark_font_size&quot;:&quot;20&quot;,&quot;slideshow_title_font_size&quot;:&quot;16&quot;,&quot;slideshow_description_font_size&quot;:&quot;14&quot;,&quot;bwg_playInterval&quot;:&quot;&quot;,&quot;slideshow_interval&quot;:5,&quot;image_right_click&quot;:&quot;0&quot;,&quot;enable_slideshow_autoplay&quot;:&quot;0&quot;,&quot;enable_slideshow_music&quot;:&quot;0&quot;,&quot;bwg_current_filmstrip_pos&quot;:0}'         data-filmstrip-position=\"bottom\"         data-filmstrip-size=\"90\">      <div class=\"bwg_slide_container_0\">        <div class=\"bwg_slide_bg_0\">          <div class=\"bwg_slider_0\">                            <span class=\"bwg_slideshow_image_spun_0\" id=\"image_id_0_84\">                    <span class=\"bwg_slideshow_image_spun1_0\">                      <span class=\"bwg_slideshow_image_spun2_0\">                                                  <a  class=\"bwg-a bwg_lightbox\" href=\"https:\/\/i0.wp.com\/www.sassetaalta.it\/wp-content\/uploads\/photo-gallery\/palestra_01.jpg\" data-image-id=\"84\" data-elementor-open-lightbox=\"no\">                          <img data-recalc-dims=\"1\" decoding=\"async\" id=\"bwg_slideshow_image_0\"                               class=\"skip-lazy bwg_slide bwg_slideshow_image_0  bwg_lazyload \"                               src=\"https:\/\/i0.wp.com\/www.sassetaalta.it\/wp-content\/plugins\/photo-gallery\/images\/lazy_placeholder.gif\"                               data-src=\"http:\/\/www.sassetaalta.it\/wp-content\/uploads\/photo-gallery\/palestra_01.jpg?bwg=1657901620\"                               image_id=\"84\"                               alt=\"palestra 01\" \/>                          <\/a>                                                <\/span>                    <\/span>                  <\/span>                <span class=\"bwg_slideshow_image_second_spun_0\">                  <\/span>                <input type=\"hidden\" id=\"bwg_current_image_key_0\" value=\"0\" \/>                          <\/div>        <\/div>      <\/div>              <a class=\"bwg-a\" id=\"spider_slideshow_left_0\" onclick=\"bwg_change_image(parseInt(jQuery('#bwg_current_image_key_0').val()), (parseInt(jQuery('#bwg_current_image_key_0').val()) + 3 - bwg_iterator(0)) % 3, '', '', 0); return false;\"><span id=\"spider_slideshow_left-ico_0\"><span><i class=\"bwg-icon-angle-left bwg_slideshow_prev_btn_0\"><\/i><\/span><\/span><\/a>        <span id=\"bwg_slideshow_play_pause_0\" class=\"bwg_slideshow_play_pause\" style=\"display: ;\"><span><span id=\"bwg_slideshow_play_pause-ico_0\"><i class=\"bwg-icon-play bwg_ctrl_btn_0 bwg_slideshow_play_pause_0\"><\/i><\/span><\/span><\/span>        <a class=\"bwg-a\" id=\"spider_slideshow_right_0\" onclick=\"bwg_change_image(parseInt(jQuery('#bwg_current_image_key_0').val()), (parseInt(jQuery('#bwg_current_image_key_0').val()) + bwg_iterator(0)) % 3, '', '', 0); return false;\"><span id=\"spider_slideshow_right-ico_0\"><span><i class=\"bwg-icon-angle-right bwg_slideshow_next_btn_0\"><\/i><\/span><\/span><\/a>            <\/div>      <\/div>            <\/div>        <\/form>        <style>          #bwg_container1_0 #bwg_container2_0 #spider_popup_overlay_0 {          background-color: #EEEEEE;          opacity: 0.60;          }          <\/style>        <div id=\"bwg_spider_popup_loading_0\" class=\"bwg_spider_popup_loading\"><\/div>        <div id=\"spider_popup_overlay_0\" class=\"spider_popup_overlay\" onclick=\"spider_destroypopup(1000)\"><\/div>        <input type=\"hidden\" id=\"bwg_random_seed_0\" value=\"719318360\">                <\/div>    <\/div>    <script>      if (document.readyState === 'complete') {        if( typeof bwg_main_ready == 'function' ) {          if ( jQuery(\"#bwg_container1_0\").height() ) {            bwg_main_ready(jQuery(\"#bwg_container1_0\"));          }        }      } else {        document.addEventListener('DOMContentLoaded', function() {          if( typeof bwg_main_ready == 'function' ) {            if ( jQuery(\"#bwg_container1_0\").height() ) {             bwg_main_ready(jQuery(\"#bwg_container1_0\"));            }          }        });      }    <\/script>    \n<hr>\n<p>Acquacadabra est particuli\u00e8rement adapt\u00e9 au d\u00e9roulement de s\u00e9minaires et cours en r\u00e9sidence pour toutes les disciplines holistiques, de terre et d\u2019eau (watsu, aquacit\u00e9 du nourrisson, shiatsu, yoga\u2026)<\/p>\n<p>Le centre est dot\u00e9 de :<br \/>\n\u2022&nbsp;&nbsp; &nbsp;une grande piscine chauff\u00e9e \u00e0 la temp\u00e9rature du corps (35 \u2013 36\u00b0 C) de 60 m2, avec une profondeur de 115 \u00e0 125 cm, en pierre et donnant sur les collines de la Toscane. L\u2019eau est trait\u00e9e \u00e0 l\u2019ozone, aux lampes UV, avec le pourcentage minimum de chlore impos\u00e9 par la loi.<br \/>\n\u2022&nbsp;&nbsp; &nbsp;une salle polyvalente de 130 m2, en bois et disposant des \u00e9quipements n\u00e9cessaires \u00e0 la gym, au stretching, \u00e0 la m\u00e9ditation<br \/>\n\u2022&nbsp;&nbsp; &nbsp;deux salles de massage<br \/>\n\u2022&nbsp;&nbsp; &nbsp;une vaste terrasse herbue et en bois pour les activit\u00e9s et \u00e9v\u00e9nements en plein air.<\/p>\n<p>Nous sommes \u00e0 la disposition des enseignants, formateurs, associations et groupes pratiquant ces disciplines pour leur soumettre une proposition personnalis\u00e9e comprenant l\u2019h\u00e9bergement en g\u00eete et l\u2019usage, partiel ou total, du centre.<\/p>\n<p>Acquacadabra h\u00e9berge par ailleurs les formations de Watsu Italia. Plusieurs cours de formation sont au programme dans les prochains mois.<\/p>\n<p>Si vous souhaitez organiser votre cours ou s\u00e9minaire dans notre centre, merci de nous envoyer une demande d\u00e9taill\u00e9e. Nous nous ferons un plaisir de pr\u00e9parer l\u2019offre correspondant \u00e0 vos exigences.<\/p>\n<hr>\n","protected":false},"excerpt":{"rendered":"<p>Acquacadabra est particuli\u00e8rement adapt\u00e9 au d\u00e9roulement de s\u00e9minaires et cours en r\u00e9sidence pour toutes les disciplines holistiques, de terre et d\u2019eau (watsu, aquacit\u00e9 du nourrisson, shiatsu, yoga\u2026) Le centre est [&hellip;]<\/p>\n","protected":false},"author":1,"featured_media":0,"parent":609,"menu_order":0,"comment_status":"closed","ping_status":"open","template":"","meta":{"_acf_changed":false,"_monsterinsights_skip_tracking":false,"_monsterinsights_sitenote_active":false,"_monsterinsights_sitenote_note":"","_monsterinsights_sitenote_category":0,"_uf_show_specific_survey":0,"_uf_disable_surveys":false,"footnotes":""},"class_list":["post-613","page","type-page","status-publish","hentry"],"acf":[],"aioseo_notices":[],"yoast_head":"<!-- This site is optimized with the Yoast SEO plugin v14.1 - https:\/\/yoast.com\/wordpress\/plugins\/seo\/ -->\n<meta name=\"robots\" content=\"index, follow\" \/>\n<meta name=\"googlebot\" content=\"index, follow, max-snippet:-1, max-image-preview:large, max-video-preview:-1\" \/>\n<meta name=\"bingbot\" content=\"index, follow, max-snippet:-1, max-image-preview:large, max-video-preview:-1\" \/>\n<link rel=\"canonical\" href=\"http:\/\/www.sassetaalta.it\/fr\/sasseta-alta-le-plaisir-de-se-sentir-bien-dans-sa-peau\/espace-cours\/\" \/>\n<meta property=\"og:locale\" content=\"fr_FR\" \/>\n<meta property=\"og:type\" content=\"article\" \/>\n<meta property=\"og:title\" content=\"| Espace cours\" \/>\n<meta property=\"og:description\" content=\"Acquacadabra est particuli\u00e8rement adapt\u00e9 au d\u00e9roulement de s\u00e9minaires et cours en r\u00e9sidence pour toutes les disciplines holistiques, de terre et d\u2019eau (watsu, aquacit\u00e9 du nourrisson, shiatsu, yoga\u2026) Le centre est [&hellip;]\" \/>\n<meta property=\"og:url\" content=\"http:\/\/www.sassetaalta.it\/fr\/sasseta-alta-le-plaisir-de-se-sentir-bien-dans-sa-peau\/espace-cours\/\" \/>\n<meta property=\"og:site_name\" content=\"Sasseta Alta\" \/>\n<meta property=\"article:publisher\" content=\"https:\/\/www.facebook.com\/SassetaAlta\" \/>\n<meta property=\"article:modified_time\" content=\"2022-07-15T16:18:09+00:00\" \/>\n<script type=\"application\/ld+json\" class=\"yoast-schema-graph\">{\"@context\":\"https:\/\/schema.org\",\"@graph\":[{\"@type\":\"Organization\",\"@id\":\"http:\/\/www.sassetaalta.it\/fr\/#organization\",\"name\":\"SassetaAlta\",\"url\":\"http:\/\/www.sassetaalta.it\/fr\/\",\"sameAs\":[\"https:\/\/www.facebook.com\/SassetaAlta\",\"https:\/\/www.instagram.com\/sasseta_alta\/\"],\"logo\":{\"@type\":\"ImageObject\",\"@id\":\"http:\/\/www.sassetaalta.it\/fr\/#logo\",\"inLanguage\":\"fr-FR\",\"url\":\"https:\/\/i0.wp.com\/www.sassetaalta.it\/wp-content\/uploads\/2020\/03\/SassetaAlta.png?fit=1906%2C1157\",\"width\":1906,\"height\":1157,\"caption\":\"SassetaAlta\"},\"image\":{\"@id\":\"http:\/\/www.sassetaalta.it\/fr\/#logo\"}},{\"@type\":\"WebSite\",\"@id\":\"http:\/\/www.sassetaalta.it\/fr\/#website\",\"url\":\"http:\/\/www.sassetaalta.it\/fr\/\",\"name\":\"Sasseta Alta\",\"description\":\"Agriturismo biologico in Maremma\",\"publisher\":{\"@id\":\"http:\/\/www.sassetaalta.it\/fr\/#organization\"},\"potentialAction\":[{\"@type\":\"SearchAction\",\"target\":\"http:\/\/www.sassetaalta.it\/fr\/?s={search_term_string}\",\"query-input\":\"required name=search_term_string\"}],\"inLanguage\":\"fr-FR\"},{\"@type\":\"WebPage\",\"@id\":\"http:\/\/www.sassetaalta.it\/fr\/sasseta-alta-le-plaisir-de-se-sentir-bien-dans-sa-peau\/espace-cours\/#webpage\",\"url\":\"http:\/\/www.sassetaalta.it\/fr\/sasseta-alta-le-plaisir-de-se-sentir-bien-dans-sa-peau\/espace-cours\/\",\"name\":\"| Espace cours\",\"isPartOf\":{\"@id\":\"http:\/\/www.sassetaalta.it\/fr\/#website\"},\"datePublished\":\"2014-01-20T16:49:24+00:00\",\"dateModified\":\"2022-07-15T16:18:09+00:00\",\"inLanguage\":\"fr-FR\",\"potentialAction\":[{\"@type\":\"ReadAction\",\"target\":[\"http:\/\/www.sassetaalta.it\/fr\/sasseta-alta-le-plaisir-de-se-sentir-bien-dans-sa-peau\/espace-cours\/\"]}]}]}<\/script>\n<!-- \/ Yoast SEO plugin. -->","jetpack_sharing_enabled":true,"_links":{"self":[{"href":"http:\/\/www.sassetaalta.it\/fr\/wp-json\/wp\/v2\/pages\/613\/"}],"collection":[{"href":"http:\/\/www.sassetaalta.it\/fr\/wp-json\/wp\/v2\/pages\/"}],"about":[{"href":"http:\/\/www.sassetaalta.it\/fr\/wp-json\/wp\/v2\/types\/page\/"}],"author":[{"embeddable":true,"href":"http:\/\/www.sassetaalta.it\/fr\/wp-json\/wp\/v2\/users\/1\/"}],"replies":[{"embeddable":true,"href":"http:\/\/www.sassetaalta.it\/fr\/wp-json\/wp\/v2\/comments\/?post=613"}],"version-history":[{"count":2,"href":"http:\/\/www.sassetaalta.it\/fr\/wp-json\/wp\/v2\/pages\/613\/revisions\/"}],"predecessor-version":[{"id":6194,"href":"http:\/\/www.sassetaalta.it\/fr\/wp-json\/wp\/v2\/pages\/613\/revisions\/6194\/"}],"up":[{"embeddable":true,"href":"http:\/\/www.sassetaalta.it\/fr\/wp-json\/wp\/v2\/pages\/609\/"}],"wp:attachment":[{"href":"http:\/\/www.sassetaalta.it\/fr\/wp-json\/wp\/v2\/media\/?parent=613"}],"curies":[{"name":"wp","href":"https:\/\/api.w.org\/{rel}","templated":true}]}}