{"id":343,"date":"2013-11-07T16:07:47","date_gmt":"2013-11-07T15:07:47","guid":{"rendered":"http:\/\/www.sassetaalta.it\/?page_id=343"},"modified":"2022-07-15T18:07:34","modified_gmt":"2022-07-15T16:07:34","slug":"das-bio-restaurant","status":"publish","type":"page","link":"https:\/\/www.sassetaalta.it\/de\/sasseta-alta-ein-ferienort-fur-wohlbefinden-und-pure-entspannung-auf-dem-land\/das-bio-restaurant\/","title":{"rendered":"Das Bio-Restaurant"},"content":{"rendered":"<style id=\"bwg-style-0\">  #bwg_container1_0 {    display: table;\t\/*visibility: hidden;*\/  }  #bwg_container1_0 * {\t  -moz-user-select: none;\t  -khtml-user-select: none;\t  -webkit-user-select: none;\t  -ms-user-select: none;\t  user-select: none;  }  #bwg_container1_0 #bwg_container2_0 .bwg_slideshow_image_wrap_0 {\t  background-color: #F2F2F2;\t  width: 1200px;\t  height: 800px;  }  #bwg_container1_0 #bwg_container2_0 .bwg_slideshow_image_0 {\t  max-width: 1200px;\t  max-height: 710px;  }  #bwg_container1_0 #bwg_container2_0 .bwg_slideshow_embed_0 {    width: 1200px;    height: 710px;  }  #bwg_container1_0 #bwg_container2_0 #bwg_slideshow_play_pause_0 {\t  background: transparent url(\"https:\/\/www.sassetaalta.it\/wp-content\/plugins\/photo-gallery\/images\/blank.gif\") repeat scroll 0 0;  }  #bwg_container1_0 #bwg_container2_0 #bwg_slideshow_play_pause-ico_0 {    color: #D6D6D6;    font-size: 35px;  }  #bwg_container1_0 #bwg_container2_0 #bwg_slideshow_play_pause-ico_0:hover {\t  color: #BABABA;  }  #bwg_container1_0 #bwg_container2_0 #spider_slideshow_left_0,  #bwg_container1_0 #bwg_container2_0 #spider_slideshow_right_0 {\t  background: transparent url(\"https:\/\/www.sassetaalta.it\/wp-content\/plugins\/photo-gallery\/images\/blank.gif\") repeat scroll 0 0;  }  #bwg_container1_0 #bwg_container2_0 #spider_slideshow_left-ico_0,  #bwg_container1_0 #bwg_container2_0 #spider_slideshow_right-ico_0 {\t  background-color: #FFFFFF;\t  border-radius: 20px;\t  border: 0px none #FFFFFF;\t  box-shadow: ;\t  color: #D6D6D6;\t  height: 37px;\t  font-size: 12px;\t  width: 37px;\t  opacity: 1.00;  }  #bwg_container1_0 #bwg_container2_0 #spider_slideshow_left-ico_0:hover,  #bwg_container1_0 #bwg_container2_0 #spider_slideshow_right-ico_0:hover {\t  color: #BABABA;  }      #spider_slideshow_left-ico_0{      left: 20px;    }    #spider_slideshow_right-ico_0{      left: auto;      right: 20px;    }      #bwg_container1_0 #bwg_container2_0 .bwg_slideshow_image_container_0 {\t  bottom: 90px;\t  width: 1200px;\t  height: 800px;\t}\t#bwg_container1_0 #bwg_container2_0 .bwg_slideshow_filmstrip_container_0 {\t  display: table;\t  height: 90px;\t  width: 1200px;\t  bottom: 0;  }  \/* Filmstrip dimension *\/  #bwg_container1_0 #bwg_container2_0 .bwg_slideshow_filmstrip_0 {\t  left: 20px;\t  width: 1160px;\t  \/*z-index: 10106;*\/  }  #bwg_container1_0 #bwg_container2_0 .bwg_slideshow_filmstrip_thumbnails_0 {    left: 0px;    width: 436px;    height: 90px;  }  #bwg_container1_0 #bwg_container2_0 .bwg_slideshow_filmstrip_thumbnail_0 {    width: 216px;    height: 90px;    margin: 0px 2px 0 0 ;    border: 0px none #000000;    border-radius: 0;  }  #bwg_container1_0 #bwg_container2_0 .bwg_slideshow_thumb_active_0 {\t  border: 0px solid #FFFFFF;  }  #bwg_container1_0 #bwg_container2_0 .bwg_slideshow_thumb_deactive_0 {    opacity: 1.00;  }  #bwg_container1_0 #bwg_container2_0 .bwg_slideshow_filmstrip_left_0,  #bwg_container1_0 #bwg_container2_0 .bwg_slideshow_filmstrip_left_disabled_0 {\t  background-color: #F2F2F2;\t  display: table-cell;\t  width: 20px;\t  left: 0;\t  \t    }  #bwg_container1_0 #bwg_container2_0 .bwg_slideshow_filmstrip_right_0,  #bwg_container1_0 #bwg_container2_0 .bwg_slideshow_filmstrip_right_disabled_0 {\t  background-color: #F2F2F2;    display: table-cell;    right: 0;\t  width: 20px;\t  \t    }  #bwg_container1_0 #bwg_container2_0 .bwg_slideshow_filmstrip_left_0 i,  #bwg_container1_0 #bwg_container2_0 .bwg_slideshow_filmstrip_right_0 i,  #bwg_container1_0 #bwg_container2_0 .bwg_slideshow_filmstrip_left_disabled_0 i,  #bwg_container1_0 #bwg_container2_0 .bwg_slideshow_filmstrip_right_disabled_0 i {\t  color: #BABABA;\t  font-size: 20px;  }  #bwg_container1_0 #bwg_container2_0 .bwg_slideshow_filmstrip_left_0 {    display: none;  }  #bwg_container1_0 #bwg_container2_0 .bwg_slideshow_filmstrip_left_disabled_0,  #bwg_container1_0 #bwg_container2_0 .bwg_slideshow_filmstrip_right_disabled_0 {    display: none;    opacity: 0.3;  }  #bwg_container1_0 #bwg_container2_0 .bwg_slideshow_filmstrip_left_disabled_0 {    display: table-cell;  }  #bwg_container1_0 #bwg_container2_0 .bwg_slideshow_watermark_spun_0 {\t  text-align: left;\t  vertical-align: bottom;  }  #bwg_container1_0 #bwg_container2_0 .bwg_slideshow_title_spun_0 {\t  text-align: right;\t  vertical-align: top;  }  #bwg_container1_0 #bwg_container2_0 .bwg_slideshow_description_spun_0 {\t  text-align: right;\t  vertical-align: bottom;  }  #bwg_container1_0 #bwg_container2_0 .bwg_slideshow_watermark_image_0 {\t  max-height: 90px;\t  max-width: 90px;\t  opacity: 0.30;  }  #bwg_container1_0 #bwg_container2_0 .bwg_slideshow_watermark_text_0,  #bwg_container1_0 #bwg_container2_0 .bwg_slideshow_watermark_text_0:hover {\t  text-decoration: none;\t  margin: 4px;\t  position: relative;\t  z-index: 15;  }  #bwg_container1_0 #bwg_container2_0 .bwg_slideshow_title_text_0 {\t  font-size: 16px;\t  font-family: Ubuntu;\t  color: #FFFFFF !important;\t  opacity: 0.70;    border-radius: 5px;\t  background-color: #000000;\t  padding: 0 0 0 0;\t  \t\tmargin: 5px;\t  \t    }  #bwg_container1_0 #bwg_container2_0 .bwg_slideshow_description_text_0 {\t  font-size: 14px;\t  font-family: Ubuntu;\t  color: #FFFFFF !important;\t  opacity: 0.70;    border-radius: 0;\t  background-color: #000000;\t  padding: 5px 10px 5px 10px;\t    }  #bwg_container1_0 #bwg_container2_0 .bwg_slideshow_description_text_0 * {\ttext-decoration: none;\tcolor: #FFFFFF !important;  }  #bwg_container1_0 #bwg_container2_0 .bwg_slideshow_dots_0 {\t  width: 12px;\t  height: 12px;\t  border-radius: 5px;\t  background: #F2D22E;\t  margin: 3px;  }  #bwg_container1_0 #bwg_container2_0 .bwg_slideshow_dots_container_0 {\t  width: 1200px;\t  bottom: 0;  }  #bwg_container1_0 #bwg_container2_0 .bwg_slideshow_dots_thumbnails_0 {\t  height: 18px;\t  width: 36px;  }  #bwg_container1_0 #bwg_container2_0 .bwg_slideshow_dots_active_0 {\t  background: #FFFFFF;\t  border: 1px solid #000000;  }  <\/style>    <div id=\"bwg_container1_0\"         class=\"bwg_container bwg_thumbnail bwg_slideshow \"         data-right-click-protection=\"0\"         data-bwg=\"0\"         data-scroll=\"0\"         data-gallery-type=\"slideshow\"         data-gallery-view-type=\"slideshow\"         data-current-url=\"\/de\/wp-json\/wp\/v2\/pages\/343\/\"         data-lightbox-url=\"https:\/\/www.sassetaalta.it\/wp-admin\/admin-ajax.php?action=GalleryBox&#038;current_view=0&#038;gallery_id=19&#038;tag=0&#038;theme_id=1&#038;shortcode_id=58&#038;sort_by=order&#038;order_by=asc&#038;current_url=%2Fde%2Fwp-json%2Fwp%2Fv2%2Fpages%2F343%2F\"         data-gallery-id=\"19\"         data-popup-width=\"800\"         data-popup-height=\"500\"         data-is-album=\"gallery\"         data-buttons-position=\"bottom\">      <div id=\"bwg_container2_0\">             <div id=\"ajax_loading_0\" class=\"bwg_loading_div_1\">      <div class=\"bwg_loading_div_2\">        <div class=\"bwg_loading_div_3\">          <div id=\"loading_div_0\" class=\"bwg_spider_ajax_loading\">          <\/div>        <\/div>      <\/div>    <\/div>            <form id=\"gal_front_form_0\"              class=\"bwg-hidden\"              method=\"post\"              action=\"#\"              data-current=\"0\"              data-shortcode-id=\"58\"              data-gallery-type=\"slideshow\"              data-gallery-id=\"19\"              data-tag=\"0\"              data-album-id=\"0\"              data-theme-id=\"1\"              data-ajax-url=\"https:\/\/www.sassetaalta.it\/wp-admin\/admin-ajax.php?action=bwg_frontend_data\">          <div id=\"bwg_container3_0\" class=\"bwg-background bwg-background-0\">              <div class=\"bwg_slideshow_image_wrap_0 bwg-slideshow-images-wrapper bwg-container\"       data-bwg=\"0\"       data-lightbox-url=\"https:\/\/www.sassetaalta.it\/wp-admin\/admin-ajax.php?action=GalleryBox&#038;current_view=0&#038;gallery_id=19&#038;tag=0&#038;theme_id=1&#038;shortcode_id=58&#038;sort_by=order&#038;order_by=asc&#038;current_url=%2Fde%2Fwp-json%2Fwp%2Fv2%2Fpages%2F343%2F\">          <div class=\"bwg_slideshow_filmstrip_container_0\">        <div class=\"bwg_slideshow_filmstrip_left_0\">          <i class=\"bwg-icon-angle-left\"><\/i>        <\/div>        <div class=\"bwg_slideshow_filmstrip_left_disabled_0\">          <i class=\"bwg-icon-angle-left\"><\/i>        <\/div>        <div class=\"bwg_slideshow_filmstrip_0 bwg_slideshow_filmstrip\">          <div class=\"bwg_slideshow_filmstrip_thumbnails_0\">                          <div id=\"bwg_filmstrip_thumbnail_0_0\"                class=\"bwg_slideshow_filmstrip_thumbnail_0 bwg_slideshow_thumb_active_0\"                data-style=\"width:216px; height:90px;\">                <img decoding=\"async\" class=\"bwg_filmstrip_thumbnail_img bwg_slideshow_filmstrip_thumbnail_img_0\"                  style=\"width:216px; height:143.856px; margin-left: 0px; margin-top: -26.928px;\"                  data-style=\"width:216px; height:143.856px; margin-left: 0px; margin-top: -26.928px;\"                  src=\"https:\/\/www.sassetaalta.it\/wp-content\/uploads\/photo-gallery\/thumb\/MG_3761-2.jpg?bwg=1657901126\"                  data-src=\"https:\/\/www.sassetaalta.it\/wp-content\/uploads\/photo-gallery\/thumb\/MG_3761-2.jpg?bwg=1657901126\"                  onclick=\"bwg_change_image(parseInt(jQuery('#bwg_current_image_key_0').val()), '0', '', '', '0')\"                  image_id=\"82\"                  image_key=\"0\"                  alt=\"MG 3761-2\"                  title=\"MG 3761-2\" \/>              <\/div>                            <div id=\"bwg_filmstrip_thumbnail_1_0\"                class=\"bwg_slideshow_filmstrip_thumbnail_0 bwg_slideshow_thumb_deactive_0\"                data-style=\"width:216px; height:90px;\">                <img decoding=\"async\" class=\"bwg_filmstrip_thumbnail_img bwg_slideshow_filmstrip_thumbnail_img_0\"                  style=\"width:216px; height:155.52px; margin-left: 0px; margin-top: -32.76px;\"                  data-style=\"width:216px; height:155.52px; margin-left: 0px; margin-top: -32.76px;\"                  src=\"https:\/\/www.sassetaalta.it\/wp-content\/uploads\/photo-gallery\/thumb\/MG_3783.jpg?bwg=1657901126\"                  data-src=\"https:\/\/www.sassetaalta.it\/wp-content\/uploads\/photo-gallery\/thumb\/MG_3783.jpg?bwg=1657901126\"                  onclick=\"bwg_change_image(parseInt(jQuery('#bwg_current_image_key_0').val()), '1', '', '', '0')\"                  image_id=\"83\"                  image_key=\"1\"                  alt=\"MG 3783\"                  title=\"MG 3783\" \/>              <\/div>                        <\/div>        <\/div>        <div class=\"bwg_slideshow_filmstrip_right_0\">          <i class=\"bwg-icon-angle-right\"><\/i>        <\/div>        <div class=\"bwg_slideshow_filmstrip_right_disabled_0\">          <i class=\"bwg-icon-angle-right\"><\/i>        <\/div>      <\/div>          <div id=\"bwg_slideshow_image_container_0\"         class=\"bwg_slideshow_image_container_0\"         data-params='{&quot;bwg_source&quot;:&quot;slider&quot;,&quot;bwg_current_key&quot;:&quot;&quot;,&quot;bwg_transition_duration&quot;:500,&quot;bwg_trans_in_progress&quot;:false,&quot;data&quot;:[{&quot;id&quot;:&quot;82&quot;,&quot;alt&quot;:&quot;MG 3761-2&quot;,&quot;description&quot;:&quot;Aperture: 11&amp;lt;br \\\/&amp;gt;Camera: Canon EOS 5D Mark II&amp;lt;br \\\/&amp;gt;Iso: 100&amp;lt;br \\\/&amp;gt;&quot;,&quot;filetype&quot;:&quot;JPG&quot;,&quot;filename&quot;:&quot;MG_3761-2&quot;,&quot;image_url&quot;:&quot;\\\/MG_3761-2.jpg?bwg=1657901126&quot;,&quot;thumb_url&quot;:&quot;\\\/thumb\\\/MG_3761-2.jpg?bwg=1657901126&quot;,&quot;redirect_url&quot;:&quot;&quot;,&quot;date&quot;:&quot;2022-07-15 16:05:06&quot;,&quot;is_embed&quot;:false,&quot;is_embed_video&quot;:false,&quot;image_width&quot;:&quot;1152&quot;,&quot;image_height&quot;:&quot;768&quot;,&quot;thumb_width&quot;:&quot;500&quot;,&quot;thumb_height&quot;:&quot;333&quot;},{&quot;id&quot;:&quot;83&quot;,&quot;alt&quot;:&quot;MG 3783&quot;,&quot;description&quot;:&quot;Aperture: 4&amp;lt;br \\\/&amp;gt;Camera: Canon EOS 5D Mark II&amp;lt;br \\\/&amp;gt;Iso: 100&amp;lt;br \\\/&amp;gt;&quot;,&quot;filetype&quot;:&quot;JPG&quot;,&quot;filename&quot;:&quot;MG_3783&quot;,&quot;image_url&quot;:&quot;\\\/MG_3783.jpg?bwg=1657901126&quot;,&quot;thumb_url&quot;:&quot;\\\/thumb\\\/MG_3783.jpg?bwg=1657901126&quot;,&quot;redirect_url&quot;:&quot;&quot;,&quot;date&quot;:&quot;2022-07-15 16:05:10&quot;,&quot;is_embed&quot;:false,&quot;is_embed_video&quot;:false,&quot;image_width&quot;:&quot;1200&quot;,&quot;image_height&quot;:&quot;863&quot;,&quot;thumb_width&quot;:&quot;500&quot;,&quot;thumb_height&quot;:&quot;360&quot;}],&quot;width_or_height&quot;:&quot;width&quot;,&quot;filmstrip_thumb_margin_hor&quot;:2,&quot;left_or_top&quot;:&quot;left&quot;,&quot;outerWidth_or_outerHeight&quot;:&quot;outerWidth&quot;,&quot;enable_slideshow_shuffle&quot;:&quot;0&quot;,&quot;lightbox_filmstrip_thumb_border_width&quot;:&quot;1&quot;,&quot;thumb_click_action&quot;:&quot;open_lightbox&quot;,&quot;thumb_link_target&quot;:&quot;1&quot;,&quot;upload_url&quot;:&quot;https:\\\/\\\/www.sassetaalta.it\\\/wp-content\\\/uploads\\\/photo-gallery&quot;,&quot;preload_images&quot;:&quot;0&quot;,&quot;slideshow_effect&quot;:&quot;fade&quot;,&quot;event_stack&quot;:&quot;&quot;,&quot;preload_images_count&quot;:10,&quot;image_width&quot;:&quot;1200&quot;,&quot;image_height&quot;:&quot;800&quot;,&quot;thumb_width&quot;:&quot;600&quot;,&quot;thumb_height&quot;:&quot;250&quot;,&quot;filmstrip_direction&quot;:&quot;horizontal&quot;,&quot;slideshow_filmstrip_type&quot;:1,&quot;slideshow_thumbnails_count&quot;:5,&quot;slideshow_filmstrip_width&quot;:216,&quot;slideshow_filmstrip_height&quot;:&quot;90&quot;,&quot;slideshow_filmstrip_rl_btn_size&quot;:&quot;20&quot;,&quot;slideshow_play_pause_btn_size&quot;:&quot;35&quot;,&quot;watermark_type&quot;:&quot;90&quot;,&quot;watermark_height&quot;:&quot;90&quot;,&quot;watermark_font_size&quot;:&quot;20&quot;,&quot;slideshow_title_font_size&quot;:&quot;16&quot;,&quot;slideshow_description_font_size&quot;:&quot;14&quot;,&quot;bwg_playInterval&quot;:&quot;&quot;,&quot;slideshow_interval&quot;:5,&quot;image_right_click&quot;:&quot;0&quot;,&quot;enable_slideshow_autoplay&quot;:&quot;0&quot;,&quot;enable_slideshow_music&quot;:&quot;0&quot;,&quot;bwg_current_filmstrip_pos&quot;:0}'         data-filmstrip-position=\"bottom\"         data-filmstrip-size=\"90\">      <div class=\"bwg_slide_container_0\">        <div class=\"bwg_slide_bg_0\">          <div class=\"bwg_slider_0\">                            <span class=\"bwg_slideshow_image_spun_0\" id=\"image_id_0_82\">                    <span class=\"bwg_slideshow_image_spun1_0\">                      <span class=\"bwg_slideshow_image_spun2_0\">                                                  <a  class=\"bwg-a bwg_lightbox\" href=\"https:\/\/i0.wp.com\/www.sassetaalta.it\/wp-content\/uploads\/photo-gallery\/MG_3761-2.jpg?ssl=1\" data-image-id=\"82\" data-elementor-open-lightbox=\"no\">                          <img data-recalc-dims=\"1\" decoding=\"async\" id=\"bwg_slideshow_image_0\"                               class=\"skip-lazy bwg_slide bwg_slideshow_image_0  bwg_lazyload \"                               src=\"https:\/\/i0.wp.com\/www.sassetaalta.it\/wp-content\/plugins\/photo-gallery\/images\/lazy_placeholder.gif?ssl=1\"                               data-src=\"https:\/\/www.sassetaalta.it\/wp-content\/uploads\/photo-gallery\/MG_3761-2.jpg?bwg=1657901126\"                               image_id=\"82\"                               alt=\"MG 3761-2\" \/>                          <\/a>                                                <\/span>                    <\/span>                  <\/span>                <span class=\"bwg_slideshow_image_second_spun_0\">                  <\/span>                <input type=\"hidden\" id=\"bwg_current_image_key_0\" value=\"0\" \/>                          <\/div>        <\/div>      <\/div>              <a class=\"bwg-a\" id=\"spider_slideshow_left_0\" onclick=\"bwg_change_image(parseInt(jQuery('#bwg_current_image_key_0').val()), (parseInt(jQuery('#bwg_current_image_key_0').val()) + 2 - bwg_iterator(0)) % 2, '', '', 0); return false;\"><span id=\"spider_slideshow_left-ico_0\"><span><i class=\"bwg-icon-angle-left bwg_slideshow_prev_btn_0\"><\/i><\/span><\/span><\/a>        <span id=\"bwg_slideshow_play_pause_0\" class=\"bwg_slideshow_play_pause\" style=\"display: ;\"><span><span id=\"bwg_slideshow_play_pause-ico_0\"><i class=\"bwg-icon-play bwg_ctrl_btn_0 bwg_slideshow_play_pause_0\"><\/i><\/span><\/span><\/span>        <a class=\"bwg-a\" id=\"spider_slideshow_right_0\" onclick=\"bwg_change_image(parseInt(jQuery('#bwg_current_image_key_0').val()), (parseInt(jQuery('#bwg_current_image_key_0').val()) + bwg_iterator(0)) % 2, '', '', 0); return false;\"><span id=\"spider_slideshow_right-ico_0\"><span><i class=\"bwg-icon-angle-right bwg_slideshow_next_btn_0\"><\/i><\/span><\/span><\/a>            <\/div>      <\/div>            <\/div>        <\/form>        <style>          #bwg_container1_0 #bwg_container2_0 #spider_popup_overlay_0 {          background-color: #EEEEEE;          opacity: 0.60;          }          <\/style>        <div id=\"bwg_spider_popup_loading_0\" class=\"bwg_spider_popup_loading\"><\/div>        <div id=\"spider_popup_overlay_0\" class=\"spider_popup_overlay\" onclick=\"spider_destroypopup(1000)\"><\/div>        <input type=\"hidden\" id=\"bwg_random_seed_0\" value=\"766714647\">                <\/div>    <\/div>    <script>      if (document.readyState === 'complete') {        if( typeof bwg_main_ready == 'function' ) {          if ( jQuery(\"#bwg_container1_0\").height() ) {            bwg_main_ready(jQuery(\"#bwg_container1_0\"));          }        }      } else {        document.addEventListener('DOMContentLoaded', function() {          if( typeof bwg_main_ready == 'function' ) {            if ( jQuery(\"#bwg_container1_0\").height() ) {             bwg_main_ready(jQuery(\"#bwg_container1_0\"));            }          }        });      }    <\/script>    \n<hr>\n<p>Unser Bio Restaurant bietet Ihnen ein reiches eno-gastronomisches Erlebnis, inspiriert aus dem Angebot unseres Gem\u00fcsegartens und den regionalen Rezepten.<\/p>\n<p>Die K\u00f6chinnen zaubern jeden Tag eine vielf\u00e4ltige Auswahl an Gerichten . Die Zutaten sind biologisch und traditionell gesund und nat\u00fcrlich. So werden die Gerichte mit Kreativit\u00e4t vor allem mit Bedacht auf die Gesundheit zubereitet.<\/p>\n<p>Die Gerichte werden auf dem Buffet serviert. Dazu gibt es ein gro\u00dfe Auswahl an guten Weinen aus der Gegend, wie der bekannte Morellino di Scansano.<\/p>\n<p>Auf Anfrage nehmen wir R\u00fcchsicht auf Allergien, Unvertr\u00e4glichkeiten oder andere Anliegen in Bezug auf das Essen.<\/p>\n<p>Das einladendende Ambiente inmitten einer wunderbaren Naturlandschaft und die k\u00f6stlichen Speisen  des Bio-Restaurants sind ein optimales Umfeld f\u00fcr <a href=\"http:\/\/www.sassetaalta.it\/?tribe_events_cat=attivita-offerte\">famili\u00e4re, kulturelle oder Firmen Events<\/a>.<\/p>\n<hr>\n","protected":false},"excerpt":{"rendered":"<p>Unser Bio Restaurant bietet Ihnen ein reiches eno-gastronomisches Erlebnis, inspiriert aus dem Angebot unseres Gem\u00fcsegartens und den regionalen Rezepten. Die K\u00f6chinnen zaubern jeden Tag eine vielf\u00e4ltige Auswahl an Gerichten . [&hellip;]<\/p>\n","protected":false},"author":1,"featured_media":0,"parent":337,"menu_order":0,"comment_status":"closed","ping_status":"closed","template":"","meta":{"_acf_changed":false,"_monsterinsights_skip_tracking":false,"_monsterinsights_sitenote_active":false,"_monsterinsights_sitenote_note":"","_monsterinsights_sitenote_category":0,"_uf_show_specific_survey":0,"_uf_disable_surveys":false,"footnotes":""},"class_list":["post-343","page","type-page","status-publish","hentry"],"acf":[],"aioseo_notices":[],"yoast_head":"<!-- This site is optimized with the Yoast SEO plugin v14.1 - https:\/\/yoast.com\/wordpress\/plugins\/seo\/ -->\n<meta name=\"robots\" content=\"index, follow\" \/>\n<meta name=\"googlebot\" content=\"index, follow, max-snippet:-1, max-image-preview:large, max-video-preview:-1\" \/>\n<meta name=\"bingbot\" content=\"index, follow, max-snippet:-1, max-image-preview:large, max-video-preview:-1\" \/>\n<link rel=\"canonical\" href=\"http:\/\/www.sassetaalta.it\/de\/sasseta-alta-ein-ferienort-fur-wohlbefinden-und-pure-entspannung-auf-dem-land\/das-bio-restaurant\/\" \/>\n<meta property=\"og:locale\" content=\"de_DE\" \/>\n<meta property=\"og:type\" content=\"article\" \/>\n<meta property=\"og:title\" content=\"| Das Bio-Restaurant\" \/>\n<meta property=\"og:description\" content=\"Unser Bio Restaurant bietet Ihnen ein reiches eno-gastronomisches Erlebnis, inspiriert aus dem Angebot unseres Gem\u00fcsegartens und den regionalen Rezepten. Die K\u00f6chinnen zaubern jeden Tag eine vielf\u00e4ltige Auswahl an Gerichten . [&hellip;]\" \/>\n<meta property=\"og:url\" content=\"http:\/\/www.sassetaalta.it\/de\/sasseta-alta-ein-ferienort-fur-wohlbefinden-und-pure-entspannung-auf-dem-land\/das-bio-restaurant\/\" \/>\n<meta property=\"og:site_name\" content=\"Sasseta Alta\" \/>\n<meta property=\"article:publisher\" content=\"https:\/\/www.facebook.com\/SassetaAlta\" \/>\n<meta property=\"article:modified_time\" content=\"2022-07-15T16:07:34+00:00\" \/>\n<script type=\"application\/ld+json\" class=\"yoast-schema-graph\">{\"@context\":\"https:\/\/schema.org\",\"@graph\":[{\"@type\":\"Organization\",\"@id\":\"https:\/\/www.sassetaalta.it\/de\/#organization\",\"name\":\"SassetaAlta\",\"url\":\"https:\/\/www.sassetaalta.it\/de\/\",\"sameAs\":[\"https:\/\/www.facebook.com\/SassetaAlta\",\"https:\/\/www.instagram.com\/sasseta_alta\/\"],\"logo\":{\"@type\":\"ImageObject\",\"@id\":\"https:\/\/www.sassetaalta.it\/de\/#logo\",\"inLanguage\":\"de\",\"url\":\"https:\/\/i0.wp.com\/www.sassetaalta.it\/wp-content\/uploads\/2020\/03\/SassetaAlta.png?fit=1906%2C1157&ssl=1\",\"width\":1906,\"height\":1157,\"caption\":\"SassetaAlta\"},\"image\":{\"@id\":\"https:\/\/www.sassetaalta.it\/de\/#logo\"}},{\"@type\":\"WebSite\",\"@id\":\"https:\/\/www.sassetaalta.it\/de\/#website\",\"url\":\"https:\/\/www.sassetaalta.it\/de\/\",\"name\":\"Sasseta Alta\",\"description\":\"Agriturismo biologico in Maremma\",\"publisher\":{\"@id\":\"https:\/\/www.sassetaalta.it\/de\/#organization\"},\"potentialAction\":[{\"@type\":\"SearchAction\",\"target\":\"https:\/\/www.sassetaalta.it\/de\/?s={search_term_string}\",\"query-input\":\"required name=search_term_string\"}],\"inLanguage\":\"de\"},{\"@type\":\"WebPage\",\"@id\":\"http:\/\/www.sassetaalta.it\/de\/sasseta-alta-ein-ferienort-fur-wohlbefinden-und-pure-entspannung-auf-dem-land\/das-bio-restaurant\/#webpage\",\"url\":\"http:\/\/www.sassetaalta.it\/de\/sasseta-alta-ein-ferienort-fur-wohlbefinden-und-pure-entspannung-auf-dem-land\/das-bio-restaurant\/\",\"name\":\"| Das Bio-Restaurant\",\"isPartOf\":{\"@id\":\"https:\/\/www.sassetaalta.it\/de\/#website\"},\"datePublished\":\"2013-11-07T15:07:47+00:00\",\"dateModified\":\"2022-07-15T16:07:34+00:00\",\"inLanguage\":\"de\",\"potentialAction\":[{\"@type\":\"ReadAction\",\"target\":[\"http:\/\/www.sassetaalta.it\/de\/sasseta-alta-ein-ferienort-fur-wohlbefinden-und-pure-entspannung-auf-dem-land\/das-bio-restaurant\/\"]}]}]}<\/script>\n<!-- \/ Yoast SEO plugin. -->","jetpack_sharing_enabled":true,"_links":{"self":[{"href":"https:\/\/www.sassetaalta.it\/de\/wp-json\/wp\/v2\/pages\/343\/"}],"collection":[{"href":"https:\/\/www.sassetaalta.it\/de\/wp-json\/wp\/v2\/pages\/"}],"about":[{"href":"https:\/\/www.sassetaalta.it\/de\/wp-json\/wp\/v2\/types\/page\/"}],"author":[{"embeddable":true,"href":"https:\/\/www.sassetaalta.it\/de\/wp-json\/wp\/v2\/users\/1\/"}],"replies":[{"embeddable":true,"href":"https:\/\/www.sassetaalta.it\/de\/wp-json\/wp\/v2\/comments\/?post=343"}],"version-history":[{"count":2,"href":"https:\/\/www.sassetaalta.it\/de\/wp-json\/wp\/v2\/pages\/343\/revisions\/"}],"predecessor-version":[{"id":6184,"href":"https:\/\/www.sassetaalta.it\/de\/wp-json\/wp\/v2\/pages\/343\/revisions\/6184\/"}],"up":[{"embeddable":true,"href":"https:\/\/www.sassetaalta.it\/de\/wp-json\/wp\/v2\/pages\/337\/"}],"wp:attachment":[{"href":"https:\/\/www.sassetaalta.it\/de\/wp-json\/wp\/v2\/media\/?parent=343"}],"curies":[{"name":"wp","href":"https:\/\/api.w.org\/{rel}","templated":true}]}}